{"id":26,"date":"2025-08-27T22:50:33","date_gmt":"2025-08-27T22:50:33","guid":{"rendered":"https:\/\/fmubs.com\/contact\/"},"modified":"2025-11-17T17:53:22","modified_gmt":"2025-11-17T17:53:22","slug":"incripcion","status":"publish","type":"page","link":"https:\/\/fmubs.com\/en\/incripcion\/","title":{"rendered":"Inscripci\u00f3n"},"content":{"rendered":"\t\t<div data-elementor-type=\"wp-page\" data-elementor-id=\"26\" class=\"elementor elementor-26\" data-elementor-post-type=\"page\">\n\t\t\t\t<div class=\"elementor-element elementor-element-3c1cd937 e-con-full e-flex e-con e-parent\" data-id=\"3c1cd937\" data-element_type=\"container\" data-e-type=\"container\" data-settings=\"{&quot;background_background&quot;:&quot;classic&quot;}\">\n\t\t<div class=\"elementor-element elementor-element-49d52d46 e-con-full e-flex e-con e-child\" data-id=\"49d52d46\" data-element_type=\"container\" data-e-type=\"container\" data-settings=\"{&quot;background_background&quot;:&quot;classic&quot;}\">\n\t\t\t\t<div class=\"elementor-element elementor-element-6042cc32 elementor-widget elementor-widget-heading\" data-id=\"6042cc32\" data-element_type=\"widget\" data-e-type=\"widget\" data-widget_type=\"heading.default\">\n\t\t\t\t\t<h1 class=\"elementor-heading-title elementor-size-default\">Inscr\u00edbete<\/h1>\t\t\t\t<\/div>\n\t\t\t\t<div class=\"elementor-element elementor-element-10021d97 elementor-widget elementor-widget-heading\" data-id=\"10021d97\" data-element_type=\"widget\" data-e-type=\"widget\" data-widget_type=\"heading.default\">\n\t\t\t\t\t<p class=\"elementor-heading-title elementor-size-default\">Completa el formulario de inscripci\u00f3n y asegura tu lugar en el programa que mejor se adapte a tus metas. Nuestro equipo revisar\u00e1 tu solicitud y se pondr\u00e1 en contacto contigo para acompa\u00f1arte en el proceso de matr\u00edcula y resolver todas tus dudas.<\/p>\t\t\t\t<\/div>\n\t\t\t\t<\/div>\n\t\t<div class=\"elementor-element elementor-element-aa0630b e-con-full e-flex e-con e-child\" data-id=\"aa0630b\" data-element_type=\"container\" data-e-type=\"container\">\n\t\t\t\t<div class=\"elementor-element elementor-element-d9b23a9 elementor-button-align-start elementor-tablet-button-align-center elementor-widget elementor-widget-form\" data-id=\"d9b23a9\" data-element_type=\"widget\" data-e-type=\"widget\" data-settings=\"{&quot;step_next_label&quot;:&quot;Enviar&quot;,&quot;step_previous_label&quot;:&quot;Previous&quot;,&quot;button_width_mobile&quot;:&quot;100&quot;,&quot;button_width&quot;:&quot;100&quot;,&quot;step_type&quot;:&quot;number_text&quot;,&quot;step_icon_shape&quot;:&quot;circle&quot;}\" data-widget_type=\"form.default\">\n\t\t\t\t<div class=\"elementor-widget-container\">\n\t\t\t\t\t\t\t<form class=\"elementor-form\" method=\"post\" name=\"Formulario de inscripci\u00f3n\">\n\t\t\t<input type=\"hidden\" name=\"post_id\" value=\"26\"\/>\n\t\t\t<input type=\"hidden\" name=\"form_id\" value=\"d9b23a9\"\/>\n\t\t\t<input type=\"hidden\" name=\"referer_title\" value=\"\" \/>\n\n\t\t\t\n\t\t\t<div class=\"elementor-form-fields-wrapper elementor-labels-\">\n\t\t\t\t\t\t\t\t<div class=\"elementor-field-type-text elementor-field-group elementor-column elementor-field-group-name elementor-col-100 elementor-field-required\">\n\t\t\t\t\t\t\t\t\t\t\t\t<label for=\"form-field-name\" class=\"elementor-field-label elementor-screen-only\">\n\t\t\t\t\t\t\t\tNombre\t\t\t\t\t\t\t<\/label>\n\t\t\t\t\t\t\t\t\t\t\t\t\t\t<input size=\"1\" type=\"text\" name=\"form_fields[name]\" id=\"form-field-name\" class=\"elementor-field elementor-size-md  elementor-field-textual\" placeholder=\"Nombre completo\" required=\"required\" aria-required=\"true\">\n\t\t\t\t\t\t\t\t\t\t\t<\/div>\n\t\t\t\t\t\t\t\t<div class=\"elementor-field-type-tel elementor-field-group elementor-column elementor-field-group-field_6c180a9 elementor-col-50 elementor-field-required\">\n\t\t\t\t\t\t\t\t\t\t\t\t<label for=\"form-field-field_6c180a9\" class=\"elementor-field-label elementor-screen-only\">\n\t\t\t\t\t\t\t\tN\u00famero\t\t\t\t\t\t\t<\/label>\n\t\t\t\t\t\t\t\t<input size=\"1\" type=\"tel\" name=\"form_fields[field_6c180a9]\" id=\"form-field-field_6c180a9\" class=\"elementor-field elementor-size-md  elementor-field-textual\" placeholder=\"N\u00famero de tel\u00e9fono\" required=\"required\" aria-required=\"true\" pattern=\"[0-9()#&amp;+*-=.]+\" title=\"Only numbers and phone characters (#, -, *, etc) are accepted.\">\n\n\t\t\t\t\t\t<\/div>\n\t\t\t\t\t\t\t\t<div class=\"elementor-field-type-email elementor-field-group elementor-column elementor-field-group-email elementor-col-50 elementor-field-required\">\n\t\t\t\t\t\t\t\t\t\t\t\t<label for=\"form-field-email\" class=\"elementor-field-label elementor-screen-only\">\n\t\t\t\t\t\t\t\tEmail\t\t\t\t\t\t\t<\/label>\n\t\t\t\t\t\t\t\t\t\t\t\t\t\t<input size=\"1\" type=\"email\" name=\"form_fields[email]\" id=\"form-field-email\" class=\"elementor-field elementor-size-md  elementor-field-textual\" placeholder=\"Email\" required=\"required\" aria-required=\"true\">\n\t\t\t\t\t\t\t\t\t\t\t<\/div>\n\t\t\t\t\t\t\t\t<div class=\"elementor-field-type-select elementor-field-group elementor-column elementor-field-group-field_e96cf4e elementor-col-100 elementor-field-required\">\n\t\t\t\t\t\t\t\t\t\t\t\t<label for=\"form-field-field_e96cf4e\" class=\"elementor-field-label elementor-screen-only\">\n\t\t\t\t\t\t\t\tPrograma de interes\t\t\t\t\t\t\t<\/label>\n\t\t\t\t\t\t\t\t<div class=\"elementor-field elementor-select-wrapper remove-before \">\n\t\t\t<div class=\"select-caret-down-wrapper\">\n\t\t\t\t<svg aria-hidden=\"true\" class=\"e-font-icon-svg e-eicon-caret-down\" viewBox=\"0 0 571.4 571.4\" xmlns=\"http:\/\/www.w3.org\/2000\/svg\"><path d=\"M571 393Q571 407 561 418L311 668Q300 679 286 679T261 668L11 418Q0 407 0 393T11 368 36 357H536Q550 357 561 368T571 393Z\"><\/path><\/svg>\t\t\t<\/div>\n\t\t\t<select name=\"form_fields[field_e96cf4e]\" id=\"form-field-field_e96cf4e\" class=\"elementor-field-textual elementor-size-md\" required=\"required\" aria-required=\"true\">\n\t\t\t\t\t\t\t\t\t<option value=\"Selecciona tu programa de inter\u00e9s\">Selecciona tu programa de inter\u00e9s<\/option>\n\t\t\t\t\t\t\t\t\t<option value=\"T\u00edtulo superior en recursos humanos y talento digital\">T\u00edtulo superior en recursos humanos y talento digital<\/option>\n\t\t\t\t\t\t\t\t\t<option value=\"T\u00edtulo superior en neurociencia aplicada a la inteligencia emocional\">T\u00edtulo superior en neurociencia aplicada a la inteligencia emocional<\/option>\n\t\t\t\t\t\t\t\t\t<option value=\"T\u00edtulo superior en coaching personal, ejecutivo y de equipos\">T\u00edtulo superior en coaching personal, ejecutivo y de equipos<\/option>\n\t\t\t\t\t\t\t\t\t<option value=\"T\u00edtulo superior en neuromanagement y liderazgo cerebral\">T\u00edtulo superior en neuromanagement y liderazgo cerebral<\/option>\n\t\t\t\t\t\t\t\t\t<option value=\"T\u00edtulo experto en inteligencia artificial y ciberseguridad\">T\u00edtulo experto en inteligencia artificial y ciberseguridad<\/option>\n\t\t\t\t\t\t\t\t\t<option value=\"T\u00edtulo de experto en innovaci\u00f3n: Dise\u00f1o, estrategia y transformaci\u00f3n\">T\u00edtulo de experto en innovaci\u00f3n: Dise\u00f1o, estrategia y transformaci\u00f3n<\/option>\n\t\t\t\t\t\t\t\t\t<option value=\"M\u00e1ster en alta direcci\u00f3n y gesti\u00f3n estrat\u00e9gica\">M\u00e1ster en alta direcci\u00f3n y gesti\u00f3n estrat\u00e9gica<\/option>\n\t\t\t\t\t\t\t\t\t<option value=\"MBA en tecnolog\u00eda, emprendimiento e innovaci\u00f3n\">MBA en tecnolog\u00eda, emprendimiento e innovaci\u00f3n<\/option>\n\t\t\t\t\t\t\t\t\t<option value=\"M\u00e1ster en innovaci\u00f3n digital y excelencia empresarial\">M\u00e1ster en innovaci\u00f3n digital y excelencia empresarial<\/option>\n\t\t\t\t\t\t\t\t\t<option value=\"M\u00e1ster internacional en tecnolog\u00edas interactivas con IA y blockchain \">M\u00e1ster internacional en tecnolog\u00edas interactivas con IA y blockchain <\/option>\n\t\t\t\t\t\t\t\t\t<option value=\"M\u00e1ster internacional ejecutivo en direcci\u00f3n y portafolio de proyectos con  enfoque sostenible\">M\u00e1ster internacional ejecutivo en direcci\u00f3n y portafolio de proyectos con  enfoque sostenible<\/option>\n\t\t\t\t\t\t\t\t\t<option value=\"M\u00e1ster executive en direcci\u00f3n de proyectos tecnol\u00f3gicos y liderazgo estrat\u00e9gico\">M\u00e1ster executive en direcci\u00f3n de proyectos tecnol\u00f3gicos y liderazgo estrat\u00e9gico<\/option>\n\t\t\t\t\t\t\t<\/select>\n\t\t<\/div>\n\t\t\t\t\t\t<\/div>\n\t\t\t\t\t\t\t\t<div class=\"elementor-field-type-textarea elementor-field-group elementor-column elementor-field-group-message elementor-col-100\">\n\t\t\t\t\t\t\t\t\t\t\t\t<label for=\"form-field-message\" class=\"elementor-field-label elementor-screen-only\">\n\t\t\t\t\t\t\t\tMessage\t\t\t\t\t\t\t<\/label>\n\t\t\t\t\t\t<textarea class=\"elementor-field-textual elementor-field  elementor-size-md\" name=\"form_fields[message]\" id=\"form-field-message\" rows=\"4\" placeholder=\"Message\"><\/textarea>\t\t\t\t<\/div>\n\t\t\t\t\t\t\t\t<div class=\"elementor-field-group elementor-column elementor-field-type-submit elementor-col-100 e-form__buttons elementor-sm-100\">\n\t\t\t\t\t<button class=\"elementor-button elementor-size-lg\" type=\"submit\">\n\t\t\t\t\t\t<span class=\"elementor-button-content-wrapper\">\n\t\t\t\t\t\t\t\t\t\t\t\t\t\t\t\t\t\t\t\t\t\t<span class=\"elementor-button-text\">Enviar<\/span>\n\t\t\t\t\t\t\t\t\t\t\t\t\t<\/span>\n\t\t\t\t\t<\/button>\n\t\t\t\t<\/div>\n\t\t\t<\/div>\n\t\t<\/form>\n\t\t\t\t\t\t<\/div>\n\t\t\t\t<\/div>\n\t\t\t\t<\/div>\n\t\t\t\t<\/div>\n\t\t\t\t<\/div>\n\t\t","protected":false},"excerpt":{"rendered":"<p>Inscr\u00edbete Completa el formulario de inscripci\u00f3n y asegura tu lugar en el programa que mejor se adapte a tus metas. [&hellip;]<\/p>\n","protected":false},"author":1,"featured_media":1425,"parent":0,"menu_order":0,"comment_status":"closed","ping_status":"closed","template":"","meta":{"_uag_custom_page_level_css":"","site-sidebar-layout":"no-sidebar","site-content-layout":"","ast-site-content-layout":"full-width-container","site-content-style":"default","site-sidebar-style":"default","ast-global-header-display":"","ast-banner-title-visibility":"","ast-main-header-display":"","ast-hfb-above-header-display":"","ast-hfb-below-header-display":"","ast-hfb-mobile-header-display":"","site-post-title":"disabled","ast-breadcrumbs-content":"","ast-featured-img":"disabled","footer-sml-layout":"","ast-disable-related-posts":"","theme-transparent-header-meta":"enabled","adv-header-id-meta":"","stick-header-meta":"","header-above-stick-meta":"","header-main-stick-meta":"","header-below-stick-meta":"","astra-migrate-meta-layouts":"default","ast-page-background-enabled":"default","ast-page-background-meta":{"desktop":{"background-color":"var(--ast-global-color-4)","background-image":"","background-repeat":"repeat","background-position":"center center","background-size":"auto","background-attachment":"scroll","background-type":"","background-media":"","overlay-type":"","overlay-color":"","overlay-opacity":"","overlay-gradient":""},"tablet":{"background-color":"","background-image":"","background-repeat":"repeat","background-position":"center center","background-size":"auto","background-attachment":"scroll","background-type":"","background-media":"","overlay-type":"","overlay-color":"","overlay-opacity":"","overlay-gradient":""},"mobile":{"background-color":"","background-image":"","background-repeat":"repeat","background-position":"center center","background-size":"auto","background-attachment":"scroll","background-type":"","background-media":"","overlay-type":"","overlay-color":"","overlay-opacity":"","overlay-gradient":""}},"ast-content-background-meta":{"desktop":{"background-color":"var(--ast-global-color-5)","background-image":"","background-repeat":"repeat","background-position":"center center","background-size":"auto","background-attachment":"scroll","background-type":"","background-media":"","overlay-type":"","overlay-color":"","overlay-opacity":"","overlay-gradient":""},"tablet":{"background-color":"var(--ast-global-color-5)","background-image":"","background-repeat":"repeat","background-position":"center center","background-size":"auto","background-attachment":"scroll","background-type":"","background-media":"","overlay-type":"","overlay-color":"","overlay-opacity":"","overlay-gradient":""},"mobile":{"background-color":"var(--ast-global-color-5)","background-image":"","background-repeat":"repeat","background-position":"center center","background-size":"auto","background-attachment":"scroll","background-type":"","background-media":"","overlay-type":"","overlay-color":"","overlay-opacity":"","overlay-gradient":""}},"footnotes":""},"class_list":["post-26","page","type-page","status-publish","has-post-thumbnail","hentry"],"aioseo_notices":[],"_hostinger_reach_plugin_has_subscription_block":false,"_hostinger_reach_plugin_is_elementor":false,"uagb_featured_image_src":{"full":["https:\/\/fmubs.com\/wp-content\/uploads\/2025\/09\/Destacada_incripcion.jpg",1281,720,false],"thumbnail":["https:\/\/fmubs.com\/wp-content\/uploads\/2025\/09\/Destacada_incripcion-150x150.jpg",150,150,true],"medium":["https:\/\/fmubs.com\/wp-content\/uploads\/2025\/09\/Destacada_incripcion-300x169.jpg",300,169,true],"medium_large":["https:\/\/fmubs.com\/wp-content\/uploads\/2025\/09\/Destacada_incripcion-768x432.jpg",768,432,true],"large":["https:\/\/fmubs.com\/wp-content\/uploads\/2025\/09\/Destacada_incripcion-1024x576.jpg",1024,576,true],"1536x1536":["https:\/\/fmubs.com\/wp-content\/uploads\/2025\/09\/Destacada_incripcion.jpg",1281,720,false],"2048x2048":["https:\/\/fmubs.com\/wp-content\/uploads\/2025\/09\/Destacada_incripcion.jpg",1281,720,false],"trp-custom-language-flag":["https:\/\/fmubs.com\/wp-content\/uploads\/2025\/09\/Destacada_incripcion.jpg",18,10,false]},"uagb_author_info":{"display_name":"ledgitweb3@gmail.com","author_link":"https:\/\/fmubs.com\/en\/author\/ledgitweb3gmail-com\/"},"uagb_comment_info":0,"uagb_excerpt":"Inscr\u00edbete Completa el formulario de inscripci\u00f3n y asegura tu lugar en el programa que mejor se adapte a tus metas. [&hellip;]","_links":{"self":[{"href":"https:\/\/fmubs.com\/en\/wp-json\/wp\/v2\/pages\/26","targetHints":{"allow":["GET"]}}],"collection":[{"href":"https:\/\/fmubs.com\/en\/wp-json\/wp\/v2\/pages"}],"about":[{"href":"https:\/\/fmubs.com\/en\/wp-json\/wp\/v2\/types\/page"}],"author":[{"embeddable":true,"href":"https:\/\/fmubs.com\/en\/wp-json\/wp\/v2\/users\/1"}],"replies":[{"embeddable":true,"href":"https:\/\/fmubs.com\/en\/wp-json\/wp\/v2\/comments?post=26"}],"version-history":[{"count":37,"href":"https:\/\/fmubs.com\/en\/wp-json\/wp\/v2\/pages\/26\/revisions"}],"predecessor-version":[{"id":1704,"href":"https:\/\/fmubs.com\/en\/wp-json\/wp\/v2\/pages\/26\/revisions\/1704"}],"wp:featuredmedia":[{"embeddable":true,"href":"https:\/\/fmubs.com\/en\/wp-json\/wp\/v2\/media\/1425"}],"wp:attachment":[{"href":"https:\/\/fmubs.com\/en\/wp-json\/wp\/v2\/media?parent=26"}],"curies":[{"name":"wp","href":"https:\/\/api.w.org\/{rel}","templated":true}]}}