{"id":1128,"date":"2025-09-02T00:04:34","date_gmt":"2025-09-02T00:04:34","guid":{"rendered":"https:\/\/fmubs.com\/?page_id=1128"},"modified":"2025-09-03T05:43:47","modified_gmt":"2025-09-03T05:43:47","slug":"sobre-la-escuela","status":"publish","type":"page","link":"https:\/\/fmubs.com\/en\/sobre-la-escuela\/","title":{"rendered":"About FMBUS"},"content":{"rendered":"\t\t<div data-elementor-type=\"wp-page\" data-elementor-id=\"1128\" class=\"elementor elementor-1128\" data-elementor-post-type=\"page\">\n\t\t\t\t<div class=\"elementor-element elementor-element-52e42d1 e-flex e-con-boxed e-con e-parent\" data-id=\"52e42d1\" data-element_type=\"container\" data-e-type=\"container\" data-settings=\"{&quot;background_background&quot;:&quot;classic&quot;}\">\n\t\t\t\t\t<div class=\"e-con-inner\">\n\t\t\t\t<div class=\"elementor-element elementor-element-b34028e elementor-widget elementor-widget-heading\" data-id=\"b34028e\" data-element_type=\"widget\" data-e-type=\"widget\" data-widget_type=\"heading.default\">\n\t\t\t\t\t<h6 class=\"elementor-heading-title elementor-size-default\">FMBUS<\/h6>\t\t\t\t<\/div>\n\t\t\t\t<div class=\"elementor-element elementor-element-553cff6 elementor-widget elementor-widget-heading\" data-id=\"553cff6\" data-element_type=\"widget\" data-e-type=\"widget\" data-widget_type=\"heading.default\">\n\t\t\t\t\t<h1 class=\"elementor-heading-title elementor-size-default\">\u00bfQui\u00e9nes somos?<\/h1>\t\t\t\t<\/div>\n\t\t\t\t<div class=\"elementor-element elementor-element-d6b0b06 elementor-widget elementor-widget-heading\" data-id=\"d6b0b06\" data-element_type=\"widget\" data-e-type=\"widget\" data-widget_type=\"heading.default\">\n\t\t\t\t\t<h5 class=\"elementor-heading-title elementor-size-default\">En Fernando de Magallanes University &amp; Business School (FMUBS) somos una instituci\u00f3n privada de formaci\u00f3n superior comprometida con la excelencia acad\u00e9mica, la innovaci\u00f3n y el desarrollo de talento global.<\/h5>\t\t\t\t<\/div>\n\t\t\t\t\t<\/div>\n\t\t\t\t<\/div>\n\t\t<div class=\"elementor-element elementor-element-259f36c8 e-con-full e-flex e-con e-parent\" data-id=\"259f36c8\" data-element_type=\"container\" data-e-type=\"container\" data-settings=\"{&quot;background_background&quot;:&quot;classic&quot;}\">\n\t\t<div class=\"elementor-element elementor-element-42e0b83b e-con-full e-flex e-con e-child\" data-id=\"42e0b83b\" data-element_type=\"container\" data-e-type=\"container\">\n\t\t\t\t<div class=\"elementor-element elementor-element-2d18ebff elementor-widget-mobile__width-initial elementor-widget elementor-widget-image\" data-id=\"2d18ebff\" data-element_type=\"widget\" data-e-type=\"widget\" data-settings=\"{&quot;motion_fx_motion_fx_scrolling&quot;:&quot;yes&quot;,&quot;motion_fx_translateY_effect&quot;:&quot;yes&quot;,&quot;motion_fx_translateY_speed&quot;:{&quot;unit&quot;:&quot;px&quot;,&quot;size&quot;:1,&quot;sizes&quot;:[]},&quot;motion_fx_devices&quot;:[&quot;desktop&quot;,&quot;tablet&quot;],&quot;motion_fx_translateY_affectedRange&quot;:{&quot;unit&quot;:&quot;%&quot;,&quot;size&quot;:&quot;&quot;,&quot;sizes&quot;:{&quot;start&quot;:0,&quot;end&quot;:100}}}\" data-widget_type=\"image.default\">\n\t\t\t\t\t\t\t\t\t\t\t\t\t\t\t<img fetchpriority=\"high\" decoding=\"async\" width=\"683\" height=\"1024\" src=\"https:\/\/fmubs.com\/wp-content\/uploads\/2025\/09\/Conocenos1-683x1024.jpg\" class=\"attachment-large size-large wp-image-1248\" alt=\"\" srcset=\"https:\/\/fmubs.com\/wp-content\/uploads\/2025\/09\/Conocenos1-683x1024.jpg 683w, https:\/\/fmubs.com\/wp-content\/uploads\/2025\/09\/Conocenos1-200x300.jpg 200w, https:\/\/fmubs.com\/wp-content\/uploads\/2025\/09\/Conocenos1-768x1152.jpg 768w, https:\/\/fmubs.com\/wp-content\/uploads\/2025\/09\/Conocenos1-1024x1536.jpg 1024w, https:\/\/fmubs.com\/wp-content\/uploads\/2025\/09\/Conocenos1-1365x2048.jpg 1365w, https:\/\/fmubs.com\/wp-content\/uploads\/2025\/09\/Conocenos1-scaled.jpg 1707w\" sizes=\"(max-width: 683px) 100vw, 683px\" \/>\t\t\t\t\t\t\t\t\t\t\t\t\t\t\t<\/div>\n\t\t\t\t<div class=\"elementor-element elementor-element-504dd652 elementor-widget-mobile__width-initial elementor-widget elementor-widget-image\" data-id=\"504dd652\" data-element_type=\"widget\" data-e-type=\"widget\" data-settings=\"{&quot;motion_fx_motion_fx_scrolling&quot;:&quot;yes&quot;,&quot;motion_fx_translateY_effect&quot;:&quot;yes&quot;,&quot;motion_fx_translateY_direction&quot;:&quot;negative&quot;,&quot;motion_fx_translateY_speed&quot;:{&quot;unit&quot;:&quot;px&quot;,&quot;size&quot;:1,&quot;sizes&quot;:[]},&quot;motion_fx_devices&quot;:[&quot;desktop&quot;,&quot;tablet&quot;],&quot;motion_fx_translateY_affectedRange&quot;:{&quot;unit&quot;:&quot;%&quot;,&quot;size&quot;:&quot;&quot;,&quot;sizes&quot;:{&quot;start&quot;:0,&quot;end&quot;:100}}}\" data-widget_type=\"image.default\">\n\t\t\t\t\t\t\t\t\t\t\t\t\t\t\t<img decoding=\"async\" width=\"683\" height=\"1024\" src=\"https:\/\/fmubs.com\/wp-content\/uploads\/2025\/09\/Conocenos2-683x1024.jpg\" class=\"attachment-large size-large wp-image-1246\" alt=\"Conocenos2\" srcset=\"https:\/\/fmubs.com\/wp-content\/uploads\/2025\/09\/Conocenos2-683x1024.jpg 683w, https:\/\/fmubs.com\/wp-content\/uploads\/2025\/09\/Conocenos2-200x300.jpg 200w, https:\/\/fmubs.com\/wp-content\/uploads\/2025\/09\/Conocenos2-768x1151.jpg 768w, https:\/\/fmubs.com\/wp-content\/uploads\/2025\/09\/Conocenos2-1025x1536.jpg 1025w, https:\/\/fmubs.com\/wp-content\/uploads\/2025\/09\/Conocenos2-1367x2048.jpg 1367w, https:\/\/fmubs.com\/wp-content\/uploads\/2025\/09\/Conocenos2-scaled.jpg 1708w\" sizes=\"(max-width: 683px) 100vw, 683px\" \/>\t\t\t\t\t\t\t\t\t\t\t\t\t\t\t<\/div>\n\t\t\t\t<\/div>\n\t\t<div class=\"elementor-element elementor-element-780b7f9e e-con-full e-flex e-con e-child\" data-id=\"780b7f9e\" data-element_type=\"container\" data-e-type=\"container\">\n\t\t\t\t<div class=\"elementor-element elementor-element-51b78ec8 elementor-invisible elementor-widget elementor-widget-heading\" data-id=\"51b78ec8\" data-element_type=\"widget\" data-e-type=\"widget\" data-settings=\"{&quot;_animation&quot;:&quot;fadeIn&quot;}\" data-widget_type=\"heading.default\">\n\t\t\t\t\t<h1 class=\"elementor-heading-title elementor-size-default\">Formaci\u00f3n superior<\/h1>\t\t\t\t<\/div>\n\t\t\t\t<div class=\"elementor-element elementor-element-7b7cb2b8 elementor-invisible elementor-widget elementor-widget-text-editor\" data-id=\"7b7cb2b8\" data-element_type=\"widget\" data-e-type=\"widget\" data-settings=\"{&quot;_animation&quot;:&quot;fadeIn&quot;,&quot;_animation_delay&quot;:200}\" data-widget_type=\"text-editor.default\">\n\t\t\t\t\t\t\t\t\t<p data-start=\"285\" data-end=\"705\">Contamos con la colaboraci\u00f3n de universidades y entidades de prestigio en Europa, Am\u00e9rica y otras regiones del mundo, lo que nos permite ofrecer una educaci\u00f3n con una visi\u00f3n <strong data-start=\"671\" data-end=\"702\">internacional y actualizada<\/strong>.<\/p><p data-start=\"707\" data-end=\"890\">Nuestro prop\u00f3sito es formar l\u00edderes capaces de transformar sus entornos, combinando el rigor acad\u00e9mico con la experiencia pr\u00e1ctica y la conexi\u00f3n permanente con el mundo profesional.<\/p>\t\t\t\t\t\t\t\t<\/div>\n\t\t\t\t<\/div>\n\t\t\t\t<\/div>\n\t\t\t\t<\/div>\n\t\t","protected":false},"excerpt":{"rendered":"<p>FMBUS \u00bfQui\u00e9nes somos? En Fernando de Magallanes University &amp; Business School (FMUBS) somos una instituci\u00f3n privada de formaci\u00f3n superior comprometida [&hellip;]<\/p>\n","protected":false},"author":1,"featured_media":1406,"parent":0,"menu_order":0,"comment_status":"closed","ping_status":"closed","template":"","meta":{"_uag_custom_page_level_css":"","site-sidebar-layout":"no-sidebar","site-content-layout":"","ast-site-content-layout":"full-width-container","site-content-style":"default","site-sidebar-style":"default","ast-global-header-display":"","ast-banner-title-visibility":"","ast-main-header-display":"","ast-hfb-above-header-display":"","ast-hfb-below-header-display":"","ast-hfb-mobile-header-display":"","site-post-title":"disabled","ast-breadcrumbs-content":"","ast-featured-img":"disabled","footer-sml-layout":"","ast-disable-related-posts":"","theme-transparent-header-meta":"","adv-header-id-meta":"","stick-header-meta":"","header-above-stick-meta":"","header-main-stick-meta":"","header-below-stick-meta":"","astra-migrate-meta-layouts":"default","ast-page-background-enabled":"default","ast-page-background-meta":{"desktop":{"background-color":"var(--ast-global-color-4)","background-image":"","background-repeat":"repeat","background-position":"center center","background-size":"auto","background-attachment":"scroll","background-type":"","background-media":"","overlay-type":"","overlay-color":"","overlay-opacity":"","overlay-gradient":""},"tablet":{"background-color":"","background-image":"","background-repeat":"repeat","background-position":"center center","background-size":"auto","background-attachment":"scroll","background-type":"","background-media":"","overlay-type":"","overlay-color":"","overlay-opacity":"","overlay-gradient":""},"mobile":{"background-color":"","background-image":"","background-repeat":"repeat","background-position":"center center","background-size":"auto","background-attachment":"scroll","background-type":"","background-media":"","overlay-type":"","overlay-color":"","overlay-opacity":"","overlay-gradient":""}},"ast-content-background-meta":{"desktop":{"background-color":"var(--ast-global-color-5)","background-image":"","background-repeat":"repeat","background-position":"center center","background-size":"auto","background-attachment":"scroll","background-type":"","background-media":"","overlay-type":"","overlay-color":"","overlay-opacity":"","overlay-gradient":""},"tablet":{"background-color":"var(--ast-global-color-5)","background-image":"","background-repeat":"repeat","background-position":"center center","background-size":"auto","background-attachment":"scroll","background-type":"","background-media":"","overlay-type":"","overlay-color":"","overlay-opacity":"","overlay-gradient":""},"mobile":{"background-color":"var(--ast-global-color-5)","background-image":"","background-repeat":"repeat","background-position":"center center","background-size":"auto","background-attachment":"scroll","background-type":"","background-media":"","overlay-type":"","overlay-color":"","overlay-opacity":"","overlay-gradient":""}},"footnotes":""},"class_list":["post-1128","page","type-page","status-publish","has-post-thumbnail","hentry"],"aioseo_notices":[],"_hostinger_reach_plugin_has_subscription_block":false,"_hostinger_reach_plugin_is_elementor":false,"uagb_featured_image_src":{"full":["https:\/\/fmubs.com\/wp-content\/uploads\/2025\/09\/Destacada_escuela.jpg",1281,720,false],"thumbnail":["https:\/\/fmubs.com\/wp-content\/uploads\/2025\/09\/Destacada_escuela-150x150.jpg",150,150,true],"medium":["https:\/\/fmubs.com\/wp-content\/uploads\/2025\/09\/Destacada_escuela-300x169.jpg",300,169,true],"medium_large":["https:\/\/fmubs.com\/wp-content\/uploads\/2025\/09\/Destacada_escuela-768x432.jpg",768,432,true],"large":["https:\/\/fmubs.com\/wp-content\/uploads\/2025\/09\/Destacada_escuela-1024x576.jpg",1024,576,true],"1536x1536":["https:\/\/fmubs.com\/wp-content\/uploads\/2025\/09\/Destacada_escuela.jpg",1281,720,false],"2048x2048":["https:\/\/fmubs.com\/wp-content\/uploads\/2025\/09\/Destacada_escuela.jpg",1281,720,false],"trp-custom-language-flag":["https:\/\/fmubs.com\/wp-content\/uploads\/2025\/09\/Destacada_escuela.jpg",18,10,false]},"uagb_author_info":{"display_name":"ledgitweb3@gmail.com","author_link":"https:\/\/fmubs.com\/en\/author\/ledgitweb3gmail-com\/"},"uagb_comment_info":0,"uagb_excerpt":"FMBUS \u00bfQui\u00e9nes somos? En Fernando de Magallanes University &amp; Business School (FMUBS) somos una instituci\u00f3n privada de formaci\u00f3n superior comprometida [&hellip;]","_links":{"self":[{"href":"https:\/\/fmubs.com\/en\/wp-json\/wp\/v2\/pages\/1128","targetHints":{"allow":["GET"]}}],"collection":[{"href":"https:\/\/fmubs.com\/en\/wp-json\/wp\/v2\/pages"}],"about":[{"href":"https:\/\/fmubs.com\/en\/wp-json\/wp\/v2\/types\/page"}],"author":[{"embeddable":true,"href":"https:\/\/fmubs.com\/en\/wp-json\/wp\/v2\/users\/1"}],"replies":[{"embeddable":true,"href":"https:\/\/fmubs.com\/en\/wp-json\/wp\/v2\/comments?post=1128"}],"version-history":[{"count":20,"href":"https:\/\/fmubs.com\/en\/wp-json\/wp\/v2\/pages\/1128\/revisions"}],"predecessor-version":[{"id":1251,"href":"https:\/\/fmubs.com\/en\/wp-json\/wp\/v2\/pages\/1128\/revisions\/1251"}],"wp:featuredmedia":[{"embeddable":true,"href":"https:\/\/fmubs.com\/en\/wp-json\/wp\/v2\/media\/1406"}],"wp:attachment":[{"href":"https:\/\/fmubs.com\/en\/wp-json\/wp\/v2\/media?parent=1128"}],"curies":[{"name":"wp","href":"https:\/\/api.w.org\/{rel}","templated":true}]}}